{"id":62,"date":"2025-01-06T11:16:05","date_gmt":"2025-01-06T11:16:05","guid":{"rendered":"https:\/\/testwp.aritmaservis.com\/?post_type=product&#038;p=62"},"modified":"2025-01-06T11:16:05","modified_gmt":"2025-01-06T11:16:05","slug":"test-urun-1","status":"publish","type":"product","link":"https:\/\/testwp.aritmaservis.com\/?product=test-urun-1","title":{"rendered":"Test \u00fcr\u00fcn 1"},"content":{"rendered":"<p>test \u00fcr\u00fcn a\u00e7\u0131klamas\u0131 vesayre<\/p>\n","protected":false},"excerpt":{"rendered":"<p>k\u0131sa test a\u00e7\u0131kalamas\u0131<\/p>\n","protected":false},"featured_media":0,"comment_status":"open","ping_status":"closed","template":"","meta":[],"product_cat":[16],"product_tag":[],"class_list":{"0":"post-62","1":"product","2":"type-product","3":"status-publish","5":"product_cat-genel","7":"first","8":"instock","9":"sale","10":"taxable","11":"shipping-taxable","12":"purchasable","13":"product-type-simple"},"jetpack_sharing_enabled":true,"_links":{"self":[{"href":"https:\/\/testwp.aritmaservis.com\/index.php?rest_route=\/wp\/v2\/product\/62","targetHints":{"allow":["GET"]}}],"collection":[{"href":"https:\/\/testwp.aritmaservis.com\/index.php?rest_route=\/wp\/v2\/product"}],"about":[{"href":"https:\/\/testwp.aritmaservis.com\/index.php?rest_route=\/wp\/v2\/types\/product"}],"replies":[{"embeddable":true,"href":"https:\/\/testwp.aritmaservis.com\/index.php?rest_route=%2Fwp%2Fv2%2Fcomments&post=62"}],"wp:attachment":[{"href":"https:\/\/testwp.aritmaservis.com\/index.php?rest_route=%2Fwp%2Fv2%2Fmedia&parent=62"}],"wp:term":[{"taxonomy":"product_cat","embeddable":true,"href":"https:\/\/testwp.aritmaservis.com\/index.php?rest_route=%2Fwp%2Fv2%2Fproduct_cat&post=62"},{"taxonomy":"product_tag","embeddable":true,"href":"https:\/\/testwp.aritmaservis.com\/index.php?rest_route=%2Fwp%2Fv2%2Fproduct_tag&post=62"}],"curies":[{"name":"wp","href":"https:\/\/api.w.org\/{rel}","templated":true}]}}